{"id":11028,"date":"2018-07-26T07:17:24","date_gmt":"2018-07-25T22:17:24","guid":{"rendered":"https:\/\/igks.kr\/about-us\/"},"modified":"2025-03-07T19:32:14","modified_gmt":"2025-03-07T10:32:14","slug":"about-us","status":"publish","type":"page","link":"https:\/\/igks.kr\/vi\/about-us\/","title":{"rendered":"Gi\u1edbi thi\u1ec7u"},"content":{"rendered":"\t\t<div data-elementor-type=\"wp-page\" data-elementor-id=\"11028\" class=\"elementor elementor-11028 elementor-392\">\n\t\t\t\t\t\t<section class=\"elementor-section elementor-top-section elementor-element elementor-element-f570f01 elementor-section-boxed elementor-section-height-default elementor-section-height-default\" data-id=\"f570f01\" data-element_type=\"section\">\n\t\t\t\t\t\t<div class=\"elementor-container elementor-column-gap-default\">\n\t\t\t\t\t<div class=\"elementor-column elementor-col-50 elementor-top-column elementor-element elementor-element-31012d8\" data-id=\"31012d8\" data-element_type=\"column\">\n\t\t\t<div class=\"elementor-widget-wrap elementor-element-populated\">\n\t\t\t\t\t\t<div class=\"elementor-element elementor-element-0525cdd elementor-widget elementor-widget-heading\" data-id=\"0525cdd\" data-element_type=\"widget\" data-widget_type=\"heading.default\">\n\t\t\t\t<div class=\"elementor-widget-container\">\n\t\t\t\t\t<div class=\"elementor-heading-title elementor-size-default\">L\u1ecbch s\u1eed H\u00e0n Qu\u1ed1c to\u00e0n c\u1ea7u<\/div>\t\t\t\t<\/div>\n\t\t\t\t<\/div>\n\t\t\t\t<div class=\"elementor-element elementor-element-2151e65 elementor-widget elementor-widget-text-editor\" data-id=\"2151e65\" data-element_type=\"widget\" data-widget_type=\"text-editor.default\">\n\t\t\t\t<div class=\"elementor-widget-container\">\n\t\t\t\t\t\t\t\t\t<p>Vi\u1ec7n Nghi\u00ean c\u1ee9u H\u00e0n Qu\u1ed1c h\u1ecdc to\u00e0n c\u1ea7u \u0110\u1ea1i h\u1ecdc Di\u00ean Th\u1ebf \u0111\u1eb7t n\u1ec1n t\u1ea3ng cho vi\u1ec7c t\u00ecm hi\u1ec3u s\u00e2u s\u1eafc l\u1ecbch s\u1eed H\u00e0n Qu\u1ed1c v\u00e0 giao l\u01b0u nh\u00e2n v\u0103n theo y\u00eau c\u1ea7u c\u1ee7a ng\u01b0\u1eddi nhu c\u1ea7u l\u1ecbch s\u1eed H\u00e0n Qu\u1ed1c trong v\u00e0 ngo\u00e0i n\u01b0\u1edbc.<br \/>B\u1eb1ng c\u00e1ch k\u1ec3 l\u1ea1i cu\u1ed9c s\u1ed1ng v\u00e0 kinh nghi\u1ec7m l\u1ecbch s\u1eed c\u1ee7a ng\u01b0\u1eddi H\u00e0n Qu\u1ed1c trong b\u1ed1i c\u1ea3nh l\u1ecbch s\u1eed th\u1ebf gi\u1edbi, n\u00f3 \u0111\u01b0\u1ee3c t\u1ed5 ch\u1ee9c l\u1ea1i th\u00e0nh &#8220;L\u1ecbch s\u1eed H\u00e0n Qu\u1ed1c g\u1eafn li\u1ec1n v\u1edbi th\u1ebf gi\u1edbi&#8221; v\u00e0 &#8220;L\u1ecbch s\u1eed H\u00e0n Qu\u1ed1c nh\u01b0 m\u1ed9t l\u1ecbch s\u1eed ph\u1ed5 qu\u00e1t&#8221; t\u1eeb quan \u0111i\u1ec3m c\u1ee7a con ng\u01b0\u1eddi th\u1ebf gi\u1edbi.<\/p>\n\t\t\t\t\t\t\t\t<\/div>\n\t\t\t\t<\/div>\n\t\t\t\t<div class=\"elementor-element elementor-element-c5142eb elementor-widget elementor-widget-stm_empty_space\" data-id=\"c5142eb\" data-element_type=\"widget\" data-widget_type=\"stm_empty_space.default\">\n\t\t\t\t<div class=\"elementor-widget-container\">\n\t\t\t\t\t\n<div class=\"masterstudy_elementor_empty_space module__4fef1c4e0441e7df4f1c7716db94b7d6\"\n         style=\"height: 32px\" >\n    <span class=\"vc_empty_space_inner\"><\/span>\n<\/div>\n\t\t\t\t<\/div>\n\t\t\t\t<\/div>\n\t\t\t\t\t<\/div>\n\t\t<\/div>\n\t\t\t\t<div class=\"elementor-column elementor-col-50 elementor-top-column elementor-element elementor-element-98ce8ab\" data-id=\"98ce8ab\" data-element_type=\"column\">\n\t\t\t<div class=\"elementor-widget-wrap elementor-element-populated\">\n\t\t\t\t\t\t<div class=\"elementor-element elementor-element-4110a2d elementor-widget elementor-widget-image\" data-id=\"4110a2d\" data-element_type=\"widget\" data-widget_type=\"image.default\">\n\t\t\t\t<div class=\"elementor-widget-container\">\n\t\t\t\t\t\t\t\t\t\t\t\t\t\t\t<img fetchpriority=\"high\" decoding=\"async\" width=\"1024\" height=\"444\" src=\"https:\/\/igks.kr\/wp-content\/uploads\/2024\/04\/main_vi02-e1712586217656-1024x444.png\" class=\"attachment-large size-large wp-image-11048\" alt=\"\" \/>\t\t\t\t\t\t\t\t\t\t\t\t\t\t\t<\/div>\n\t\t\t\t<\/div>\n\t\t\t\t\t<\/div>\n\t\t<\/div>\n\t\t\t\t\t<\/div>\n\t\t<\/section>\n\t\t\t\t<section class=\"elementor-section elementor-top-section elementor-element elementor-element-4222415 elementor-section-boxed elementor-section-height-default elementor-section-height-default\" data-id=\"4222415\" data-element_type=\"section\">\n\t\t\t\t\t\t<div class=\"elementor-container elementor-column-gap-default\">\n\t\t\t\t\t<div class=\"elementor-column elementor-col-100 elementor-top-column elementor-element elementor-element-1e022c62\" data-id=\"1e022c62\" data-element_type=\"column\" data-settings=\"{&quot;background_background&quot;:&quot;classic&quot;}\">\n\t\t\t<div class=\"elementor-widget-wrap elementor-element-populated\">\n\t\t\t\t\t\t<div class=\"elementor-element elementor-element-17eb1ba elementor-widget elementor-widget-stm_empty_space\" data-id=\"17eb1ba\" data-element_type=\"widget\" data-widget_type=\"stm_empty_space.default\">\n\t\t\t\t<div class=\"elementor-widget-container\">\n\t\t\t\t\t\n<div class=\"masterstudy_elementor_empty_space module__4fef1c4e0441e7df4f1c7716db94b7d6\"\n         style=\"height: 32px\" >\n    <span class=\"vc_empty_space_inner\"><\/span>\n<\/div>\n\t\t\t\t<\/div>\n\t\t\t\t<\/div>\n\t\t\t\t\t<\/div>\n\t\t<\/div>\n\t\t\t\t<div class=\"elementor-column elementor-col-100 elementor-top-column elementor-element elementor-element-746b0b65\" data-id=\"746b0b65\" data-element_type=\"column\">\n\t\t\t<div class=\"elementor-widget-wrap elementor-element-populated\">\n\t\t\t\t\t\t<div class=\"elementor-element elementor-element-84bd7f1 elementor-widget elementor-widget-stm_multy_separator\" data-id=\"84bd7f1\" data-element_type=\"widget\" data-widget_type=\"stm_multy_separator.default\">\n\t\t\t\t<div class=\"elementor-widget-container\">\n\t\t\t\t\t\n<div class=\"multiseparator masterstudy_elementor_multy_separator_\"><\/div>\n\t\t\t\t<\/div>\n\t\t\t\t<\/div>\n\t\t\t\t<div class=\"elementor-element elementor-element-650b53a9 elementor-widget__width-initial elementor-widget elementor-widget-stm_icon_box\" data-id=\"650b53a9\" data-element_type=\"widget\" data-widget_type=\"stm_icon_box.default\">\n\t\t\t\t<div class=\"elementor-widget-container\">\n\t\t\t\t\t<style type=\"text\/css\">.module__5639e3cb15f5775325b15cbe4b18ac8d {\n    background: !important; color:;\n}\n\n.module__5639e3cb15f5775325b15cbe4b18ac8d .icon {\n    width:40px;\n}\n.module__5639e3cb15f5775325b15cbe4b18ac8d .icon svg {\n\twidth: 42px;\n\theight: 42px;\n}\n.module__5639e3cb15f5775325b15cbe4b18ac8d .icon svg,\n.module__5639e3cb15f5775325b15cbe4b18ac8d .icon i {\n    font-size: 42px;\n    color: #f2b91e !important;\n}\n.icon_alignment_top_left .module__5639e3cb15f5775325b15cbe4b18ac8d {\n    text-align: left;\n}\n.icon_alignment_top_center .module__5639e3cb15f5775325b15cbe4b18ac8d {\n    text-align: center;\n    margin-right: auto;\n    margin-left: auto;\n}\n.icon_alignment_top_right .module__5639e3cb15f5775325b15cbe4b18ac8d {\n    text-align: right;\n    margin-right: 0;\n    margin-left: auto;\n}\n<\/style>\n\t<a\t\n\t\thref=\"#\" \n\t\ttitle=\"\"\n\t\t\t>\n\n\t<div class=\"icon_box masterstudy_elementor_icon_box  stm_icon_box_hover_none standart module__5639e3cb15f5775325b15cbe4b18ac8d box_align_left clearfix\">\n\t\t<div class=\"icon_alignment_left\">\n\t\t\t\t\t\t\t<div class=\"icon module__5639e3cb15f5775325b15cbe4b18ac8d\">\n\t\t\t\t\t\t\t\t\t\t\t<i class=\" far fa-arrow-alt-circle-right\"><\/i>\n\t\t\t\t\t\t\t\t\t<\/div>\n\t\t\t\n\t\t\t<div class=\"icon_text\">\n\t\t\t\t\t\t\t\t\t<h5 style=\"color:\">\n\t\t\t\t\t\tN\u0103m 1: L\u1ecbch s\u1eed H\u00e0n Qu\u1ed1c trong l\u1ecbch s\u1eed th\u1ebf gi\u1edbi\t\t\t\t\t<\/h5>\n\t\t\t\t\t\t\t\t<p><h6>Cung c\u1ea5p n\u1ec1n t\u1ea3ng \u0111\u1ec3 hi\u1ec3u l\u1ecbch s\u1eed H\u00e0n Qu\u1ed1c t\u1eeb quan \u0111i\u1ec3m l\u1ecbch s\u1eed th\u1ebf gi\u1edbi<\/h6><\/p>\t\t\t<\/div>\n\t\t<\/div> <!-- align icons -->\n\t<\/div>\n\n\t<\/a>\n\t\t\t\t<\/div>\n\t\t\t\t<\/div>\n\t\t\t\t<div class=\"elementor-element elementor-element-216e535 elementor-widget elementor-widget-stm_icon_box\" data-id=\"216e535\" data-element_type=\"widget\" data-widget_type=\"stm_icon_box.default\">\n\t\t\t\t<div class=\"elementor-widget-container\">\n\t\t\t\t\t<style type=\"text\/css\">.module__6716a674b8cb2e9db2e6af417f5dff39 {\n    background: !important; color:;\n}\n\n.module__6716a674b8cb2e9db2e6af417f5dff39 .icon {\n    width:40px;\n}\n.module__6716a674b8cb2e9db2e6af417f5dff39 .icon svg {\n\twidth: 42px;\n\theight: 42px;\n}\n.module__6716a674b8cb2e9db2e6af417f5dff39 .icon svg,\n.module__6716a674b8cb2e9db2e6af417f5dff39 .icon i {\n    font-size: 42px;\n    color: #f2b91e !important;\n}\n.icon_alignment_top_left .module__6716a674b8cb2e9db2e6af417f5dff39 {\n    text-align: left;\n}\n.icon_alignment_top_center .module__6716a674b8cb2e9db2e6af417f5dff39 {\n    text-align: center;\n    margin-right: auto;\n    margin-left: auto;\n}\n.icon_alignment_top_right .module__6716a674b8cb2e9db2e6af417f5dff39 {\n    text-align: right;\n    margin-right: 0;\n    margin-left: auto;\n}\n<\/style>\n\t<a\t\n\t\thref=\"#\" \n\t\ttitle=\"\"\n\t\t\t>\n\n\t<div class=\"icon_box masterstudy_elementor_icon_box  stm_icon_box_hover_none standart module__6716a674b8cb2e9db2e6af417f5dff39 box_align_left clearfix\">\n\t\t<div class=\"icon_alignment_left\">\n\t\t\t\t\t\t\t<div class=\"icon module__6716a674b8cb2e9db2e6af417f5dff39\">\n\t\t\t\t\t\t\t\t\t\t\t<i class=\" far fa-arrow-alt-circle-right\"><\/i>\n\t\t\t\t\t\t\t\t\t<\/div>\n\t\t\t\n\t\t\t<div class=\"icon_text\">\n\t\t\t\t\t\t\t\t\t<h5 style=\"color:\">\n\t\t\t\t\t\tN\u0103m 2: Cu\u1ed9c s\u1ed1ng v\u00e0 v\u0103n h\u00f3a trong l\u1ecbch s\u1eed H\u00e0n Qu\u1ed1c\t\t\t\t\t<\/h5>\n\t\t\t\t\t\t\t\t<p><h6>Hi\u1ec3u \u0111\u01b0\u1ee3c gi\u00e1 tr\u1ecb c\u1ee7a vi\u1ec7c t\u00f4n tr\u1ecdng s\u1ef1 \u0111a d\u1ea1ng th\u00f4ng qua tr\u1ea3i nghi\u1ec7m c\u1ea5p trung v\u1ec1 cu\u1ed9c s\u1ed1ng vi m\u00f4 v\u00e0 c\u00e1 nh\u00e2n<\/h6><\/p>\t\t\t<\/div>\n\t\t<\/div> <!-- align icons -->\n\t<\/div>\n\n\t<\/a>\n\t\t\t\t<\/div>\n\t\t\t\t<\/div>\n\t\t\t\t<div class=\"elementor-element elementor-element-6521d28 elementor-widget elementor-widget-stm_icon_box\" data-id=\"6521d28\" data-element_type=\"widget\" data-widget_type=\"stm_icon_box.default\">\n\t\t\t\t<div class=\"elementor-widget-container\">\n\t\t\t\t\t<style type=\"text\/css\">.module__12e99d0e0401a7fbdef4b832e6f0ab92 {\n    background: !important; color:;\n}\n\n.module__12e99d0e0401a7fbdef4b832e6f0ab92 .icon {\n    width:40px;\n}\n.module__12e99d0e0401a7fbdef4b832e6f0ab92 .icon svg {\n\twidth: 42px;\n\theight: 42px;\n}\n.module__12e99d0e0401a7fbdef4b832e6f0ab92 .icon svg,\n.module__12e99d0e0401a7fbdef4b832e6f0ab92 .icon i {\n    font-size: 42px;\n    color: #f2b91e !important;\n}\n.icon_alignment_top_left .module__12e99d0e0401a7fbdef4b832e6f0ab92 {\n    text-align: left;\n}\n.icon_alignment_top_center .module__12e99d0e0401a7fbdef4b832e6f0ab92 {\n    text-align: center;\n    margin-right: auto;\n    margin-left: auto;\n}\n.icon_alignment_top_right .module__12e99d0e0401a7fbdef4b832e6f0ab92 {\n    text-align: right;\n    margin-right: 0;\n    margin-left: auto;\n}\n<\/style>\n\t<a\t\n\t\thref=\"#\" \n\t\ttitle=\"\"\n\t\t\t>\n\n\t<div class=\"icon_box masterstudy_elementor_icon_box  stm_icon_box_hover_none standart module__12e99d0e0401a7fbdef4b832e6f0ab92 box_align_left clearfix\">\n\t\t<div class=\"icon_alignment_left\">\n\t\t\t\t\t\t\t<div class=\"icon module__12e99d0e0401a7fbdef4b832e6f0ab92\">\n\t\t\t\t\t\t\t\t\t\t\t<i class=\" far fa-arrow-alt-circle-right\"><\/i>\n\t\t\t\t\t\t\t\t\t<\/div>\n\t\t\t\n\t\t\t<div class=\"icon_text\">\n\t\t\t\t\t\t\t\t\t<h5 style=\"color:\">\n\t\t\t\t\t\tN\u0103m 3: Kh\u00f4ng gian v\u00e0 m\u00f4i tr\u01b0\u1eddng trong l\u1ecbch s\u1eed H\u00e0n Qu\u1ed1c\t\t\t\t\t<\/h5>\n\t\t\t\t\t\t\t\t<p><h6>C\u00e2u h\u1ecfi v\u1ec1 t\u01b0\u1eddng thu\u1eadt l\u1ecbch s\u1eed c\u1ee7a ch\u1ee7 ngh\u0129a ph\u00e1t tri\u1ec3n, th\u1ea3o lu\u1eadn v\u1ec1 s\u1ef1 chung s\u1ed1ng v\u00e0 cu\u1ed9c s\u1ed1ng b\u1ec1n v\u1eefng<\/h6><\/p>\t\t\t<\/div>\n\t\t<\/div> <!-- align icons -->\n\t<\/div>\n\n\t<\/a>\n\t\t\t\t<\/div>\n\t\t\t\t<\/div>\n\t\t\t\t<div class=\"elementor-element elementor-element-8eb1d4a elementor-widget elementor-widget-stm_icon_box\" data-id=\"8eb1d4a\" data-element_type=\"widget\" data-widget_type=\"stm_icon_box.default\">\n\t\t\t\t<div class=\"elementor-widget-container\">\n\t\t\t\t\t<style type=\"text\/css\">.module__65f9d2a68ab8fa47e1744d1bff4b06bb {\n    background: !important; color:;\n}\n\n.module__65f9d2a68ab8fa47e1744d1bff4b06bb .icon {\n    width:40px;\n}\n.module__65f9d2a68ab8fa47e1744d1bff4b06bb .icon svg {\n\twidth: 42px;\n\theight: 42px;\n}\n.module__65f9d2a68ab8fa47e1744d1bff4b06bb .icon svg,\n.module__65f9d2a68ab8fa47e1744d1bff4b06bb .icon i {\n    font-size: 42px;\n    color: #f2b91e !important;\n}\n.icon_alignment_top_left .module__65f9d2a68ab8fa47e1744d1bff4b06bb {\n    text-align: left;\n}\n.icon_alignment_top_center .module__65f9d2a68ab8fa47e1744d1bff4b06bb {\n    text-align: center;\n    margin-right: auto;\n    margin-left: auto;\n}\n.icon_alignment_top_right .module__65f9d2a68ab8fa47e1744d1bff4b06bb {\n    text-align: right;\n    margin-right: 0;\n    margin-left: auto;\n}\n<\/style>\n\n\t<div class=\"icon_box masterstudy_elementor_icon_box  stm_icon_box_hover_none standart module__65f9d2a68ab8fa47e1744d1bff4b06bb box_align_left clearfix\">\n\t\t<div class=\"icon_alignment_left\">\n\t\t\t\t\t\t\t<div class=\"icon module__65f9d2a68ab8fa47e1744d1bff4b06bb\">\n\t\t\t\t\t\t\t\t\t\t\t<i class=\" far fa-arrow-alt-circle-right\"><\/i>\n\t\t\t\t\t\t\t\t\t<\/div>\n\t\t\t\n\t\t\t<div class=\"icon_text\">\n\t\t\t\t\t\t\t\t\t<h5 style=\"color:\">\n\t\t\t\t\t\tN\u0103m 4: H\u1ec7 th\u1ed1ng v\u00e0 \u00fd t\u01b0\u1edfng trong l\u1ecbch s\u1eed H\u00e0n Qu\u1ed1c\t\t\t\t\t<\/h5>\n\t\t\t\t\t\t\t\t<p><h6>T\u00ecm ki\u1ebfm gi\u00e1 tr\u1ecb c\u1ee7a h\u00f2a b\u00ecnh v\u00e0 h\u00f2a gi\u1ea3i trong c\u00e1c \u00fd t\u01b0\u1edfng kh\u00e1c nhau, \u00fd th\u1ee9c v\u1ec1 b\u1ea3n s\u1eafc, \u0111\u1ea1i di\u1ec7n c\u1ee7a c\u00e1c t\u1ed5 ch\u1ee9c v\u00e0 xung \u0111\u1ed9t<\/h6><\/p>\t\t\t<\/div>\n\t\t<\/div> <!-- align icons -->\n\t<\/div>\n\n\t\t\t\t<\/div>\n\t\t\t\t<\/div>\n\t\t\t\t<div class=\"elementor-element elementor-element-c85318a elementor-widget elementor-widget-stm_icon_box\" data-id=\"c85318a\" data-element_type=\"widget\" data-widget_type=\"stm_icon_box.default\">\n\t\t\t\t<div class=\"elementor-widget-container\">\n\t\t\t\t\t<style type=\"text\/css\">.module__b9be15bfb7290b009b27f3b60f037f09 {\n    background: !important; color:;\n}\n\n.module__b9be15bfb7290b009b27f3b60f037f09 .icon {\n    width:40px;\n}\n.module__b9be15bfb7290b009b27f3b60f037f09 .icon svg {\n\twidth: 42px;\n\theight: 42px;\n}\n.module__b9be15bfb7290b009b27f3b60f037f09 .icon svg,\n.module__b9be15bfb7290b009b27f3b60f037f09 .icon i {\n    font-size: 42px;\n    color: #f2b91e !important;\n}\n.icon_alignment_top_left .module__b9be15bfb7290b009b27f3b60f037f09 {\n    text-align: left;\n}\n.icon_alignment_top_center .module__b9be15bfb7290b009b27f3b60f037f09 {\n    text-align: center;\n    margin-right: auto;\n    margin-left: auto;\n}\n.icon_alignment_top_right .module__b9be15bfb7290b009b27f3b60f037f09 {\n    text-align: right;\n    margin-right: 0;\n    margin-left: auto;\n}\n<\/style>\n\n\t<div class=\"icon_box masterstudy_elementor_icon_box  stm_icon_box_hover_none standart module__b9be15bfb7290b009b27f3b60f037f09 box_align_left clearfix\">\n\t\t<div class=\"icon_alignment_left\">\n\t\t\t\t\t\t\t<div class=\"icon module__b9be15bfb7290b009b27f3b60f037f09\">\n\t\t\t\t\t\t\t\t\t\t\t<i class=\" far fa-arrow-alt-circle-right\"><\/i>\n\t\t\t\t\t\t\t\t\t<\/div>\n\t\t\t\n\t\t\t<div class=\"icon_text\">\n\t\t\t\t\t\t\t\t\t<h5 style=\"color:\">\n\t\t\t\t\t\tN\u0103m 5: Tranh c\u00e3i v\u00e0 ch\u1ee7 \u0111\u1ec1 trong l\u1ecbch s\u1eed H\u00e0n Qu\u1ed1c\t\t\t\t\t<\/h5>\n\t\t\t\t\t\t\t\t<p><h6>Nh\u1eadn x\u00e9t l\u1ea1i c\u00e1c ch\u1ee7 \u0111\u1ec1 ch\u00ednh c\u1ee7a nghi\u00ean c\u1ee9u H\u00e0n Qu\u1ed1c, t\u1eadp trung v\u00e0o tranh c\u00e3i v\u00e0 tranh ch\u1ea5p, t\u1ed5ng h\u1ee3p ph\u01b0\u01a1ng ph\u00e1p h\u1ecdc nghi\u00ean c\u1ee9u H\u00e0n Qu\u1ed1c<\/h6><\/p>\t\t\t<\/div>\n\t\t<\/div> <!-- align icons -->\n\t<\/div>\n\n\t\t\t\t<\/div>\n\t\t\t\t<\/div>\n\t\t\t\t<div class=\"elementor-element elementor-element-1c558d8 elementor-widget elementor-widget-stm_multy_separator\" data-id=\"1c558d8\" data-element_type=\"widget\" data-widget_type=\"stm_multy_separator.default\">\n\t\t\t\t<div class=\"elementor-widget-container\">\n\t\t\t\t\t\n<div class=\"multiseparator masterstudy_elementor_multy_separator_\"><\/div>\n\t\t\t\t<\/div>\n\t\t\t\t<\/div>\n\t\t\t\t\t<\/div>\n\t\t<\/div>\n\t\t\t\t\t<\/div>\n\t\t<\/section>\n\t\t<div class=\"elementor-element elementor-element-ac3b6a1 e-flex e-con-boxed e-con e-parent\" data-id=\"ac3b6a1\" data-element_type=\"container\">\n\t\t\t\t\t<div class=\"e-con-inner\">\n\t\t\t\t\t<\/div>\n\t\t\t\t<\/div>\n\t\t\t\t<\/div>\n\t\t","protected":false},"excerpt":{"rendered":"<p>L\u1ecbch s\u1eed H\u00e0n Qu\u1ed1c to\u00e0n c\u1ea7u Vi\u1ec7n Nghi\u00ean c\u1ee9u H\u00e0n Qu\u1ed1c h\u1ecdc to\u00e0n c\u1ea7u \u0110\u1ea1i h\u1ecdc Di\u00ean Th\u1ebf \u0111\u1eb7t n\u1ec1n t\u1ea3ng cho vi\u1ec7c t\u00ecm hi\u1ec3u s\u00e2u s\u1eafc l\u1ecbch s\u1eed H\u00e0n Qu\u1ed1c v\u00e0 giao l\u01b0u nh\u00e2n v\u0103n theo y\u00eau c\u1ea7u c\u1ee7a ng\u01b0\u1eddi nhu c\u1ea7u l\u1ecbch s\u1eed H\u00e0n Qu\u1ed1c trong v\u00e0 ngo\u00e0i n\u01b0\u1edbc.B\u1eb1ng c\u00e1ch k\u1ec3 l\u1ea1i cu\u1ed9c [&hellip;]<\/p>\n","protected":false},"author":1,"featured_media":0,"parent":0,"menu_order":0,"comment_status":"closed","ping_status":"closed","template":"","meta":{"footnotes":""},"class_list":["post-11028","page","type-page","status-publish","hentry"],"_links":{"self":[{"href":"https:\/\/igks.kr\/vi\/wp-json\/wp\/v2\/pages\/11028","targetHints":{"allow":["GET"]}}],"collection":[{"href":"https:\/\/igks.kr\/vi\/wp-json\/wp\/v2\/pages"}],"about":[{"href":"https:\/\/igks.kr\/vi\/wp-json\/wp\/v2\/types\/page"}],"author":[{"embeddable":true,"href":"https:\/\/igks.kr\/vi\/wp-json\/wp\/v2\/users\/1"}],"replies":[{"embeddable":true,"href":"https:\/\/igks.kr\/vi\/wp-json\/wp\/v2\/comments?post=11028"}],"version-history":[{"count":6,"href":"https:\/\/igks.kr\/vi\/wp-json\/wp\/v2\/pages\/11028\/revisions"}],"predecessor-version":[{"id":11262,"href":"https:\/\/igks.kr\/vi\/wp-json\/wp\/v2\/pages\/11028\/revisions\/11262"}],"wp:attachment":[{"href":"https:\/\/igks.kr\/vi\/wp-json\/wp\/v2\/media?parent=11028"}],"curies":[{"name":"wp","href":"https:\/\/api.w.org\/{rel}","templated":true}]}}