{"id":11020,"date":"2018-05-21T05:54:48","date_gmt":"2018-05-20T20:54:48","guid":{"rendered":"https:\/\/igks.kr\/home\/"},"modified":"2025-03-07T19:29:06","modified_gmt":"2025-03-07T10:29:06","slug":"home","status":"publish","type":"page","link":"https:\/\/igks.kr\/vi\/","title":{"rendered":"Front Page"},"content":{"rendered":"\t\t<div data-elementor-type=\"wp-page\" data-elementor-id=\"11020\" class=\"elementor elementor-11020 elementor-912\">\n\t\t\t\t\t\t<section class=\"elementor-section elementor-top-section elementor-element elementor-element-36fdc520 elementor-section-stretched elementor-section-boxed elementor-section-height-default elementor-section-height-default\" data-id=\"36fdc520\" data-element_type=\"section\" data-settings=\"{&quot;background_background&quot;:&quot;classic&quot;,&quot;stretch_section&quot;:&quot;section-stretched&quot;}\">\n\t\t\t\t\t\t<div class=\"elementor-container elementor-column-gap-default\">\n\t\t\t\t\t<div class=\"elementor-column elementor-col-66 elementor-top-column elementor-element elementor-element-1e530a59\" data-id=\"1e530a59\" data-element_type=\"column\" data-settings=\"{&quot;background_background&quot;:&quot;slideshow&quot;,&quot;background_slideshow_gallery&quot;:[],&quot;background_slideshow_loop&quot;:&quot;yes&quot;,&quot;background_slideshow_slide_duration&quot;:5000,&quot;background_slideshow_slide_transition&quot;:&quot;fade&quot;,&quot;background_slideshow_transition_duration&quot;:500}\">\n\t\t\t<div class=\"elementor-widget-wrap elementor-element-populated\">\n\t\t\t\t\t\t<div class=\"elementor-element elementor-element-3c0ffdf0 elementor-widget elementor-widget-stm_empty_space\" data-id=\"3c0ffdf0\" data-element_type=\"widget\" data-widget_type=\"stm_empty_space.default\">\n\t\t\t\t<div class=\"elementor-widget-container\">\n\t\t\t\t\t\n<div class=\"masterstudy_elementor_empty_space module__4b76b00d41c5e49f1d541c66ea57f6be\"\n         style=\"height: 80px\" >\n    <span class=\"vc_empty_space_inner\"><\/span>\n<\/div>\n\t\t\t\t<\/div>\n\t\t\t\t<\/div>\n\t\t\t\t<div class=\"elementor-element elementor-element-575673a elementor-hidden-desktop elementor-hidden-tablet elementor-invisible elementor-widget elementor-widget-vc_custom_heading\" data-id=\"575673a\" data-element_type=\"widget\" data-settings=\"{&quot;_animation&quot;:&quot;fadeIn&quot;}\" data-widget_type=\"vc_custom_heading.default\">\n\t\t\t\t<div class=\"elementor-widget-container\">\n\t\t\t\t\t<div class=\" vc_custom_heading  masterstudy_heading_font  text_align_left\" ><h2 style=\"font-size: 38px;color: #FCFCFC;text-align: left;line-height: 50px;font-weight:300\" class=\"masterstudy-custom-title\"><\/h2><\/div>\t\t\t\t<\/div>\n\t\t\t\t<\/div>\n\t\t\t\t<div class=\"elementor-element elementor-element-6d02a376 elementor-hidden-mobile elementor-invisible elementor-widget elementor-widget-vc_custom_heading\" data-id=\"6d02a376\" data-element_type=\"widget\" data-settings=\"{&quot;_animation&quot;:&quot;fadeIn&quot;}\" data-widget_type=\"vc_custom_heading.default\">\n\t\t\t\t<div class=\"elementor-widget-container\">\n\t\t\t\t\t<div class=\" vc_custom_heading  masterstudy_heading_font  text_align_left\" ><h1 style=\"font-size: 55px;color: #FCFCFC;text-align: left;line-height: 70px;font-weight:300\" class=\"masterstudy-custom-title\">H\u1ecdc vi\u1ec7n H\u00e0n Qu\u1ed1c to\u00e0n c\u1ea7u\n<\/h1><\/div>\t\t\t\t<\/div>\n\t\t\t\t<\/div>\n\t\t\t\t<div class=\"elementor-element elementor-element-46b83351 elementor-invisible elementor-widget elementor-widget-vc_custom_heading\" data-id=\"46b83351\" data-element_type=\"widget\" data-settings=\"{&quot;_animation&quot;:&quot;fadeIn&quot;}\" data-widget_type=\"vc_custom_heading.default\">\n\t\t\t\t<div class=\"elementor-widget-container\">\n\t\t\t\t\t<div class=\" vc_custom_heading  masterstudy_heading_font  text_align_left\" ><h3 style=\"font-size: 24px;color: #FFFFFF;text-align: left;font-weight:400\" class=\"masterstudy-custom-title\">\u0110\u1ec3 \u0111\u00e1p \u1ee9ng nhu c\u1ea7u l\u1ecbch s\u1eed H\u00e0n Qu\u1ed1c trong v\u00e0 ngo\u00e0i n\u01b0\u1edbc, Vi\u1ec7n H\u00e0n Qu\u1ed1c h\u1ecdc to\u00e0n c\u1ea7u c\u1ee7a \u0110\u1ea1i h\u1ecdc Yonsei \u0111\u00e3 v\u1eadn h\u00e0nh H\u1ecdc vi\u1ec7n H\u00e0n Qu\u1ed1c h\u1ecdc to\u00e0n c\u1ea7u, g\u00f3p ph\u1ea7n t\u00ecm hi\u1ec3u s\u00e2u s\u1eafc v\u1ec1 l\u1ecbch s\u1eed H\u00e0n Qu\u1ed1c v\u00e0 giao ti\u1ebfp nh\u00e2n v\u0103n.\n<\/h3><\/div>\t\t\t\t<\/div>\n\t\t\t\t<\/div>\n\t\t\t\t<div class=\"elementor-element elementor-element-782f0cc8 elementor-widget__width-auto elementor-invisible elementor-widget elementor-widget-button\" data-id=\"782f0cc8\" data-element_type=\"widget\" data-settings=\"{&quot;_animation&quot;:&quot;fadeIn&quot;}\" data-widget_type=\"button.default\">\n\t\t\t\t<div class=\"elementor-widget-container\">\n\t\t\t\t\t\t\t\t\t<div class=\"elementor-button-wrapper icon_align_  \">\n\t\t\t\t\t<a class=\"elementor-button elementor-button-link elementor-size-lg\" href=\"\/about-us\/\">\n\t\t\t\t\t\t<span class=\"elementor-button-content-wrapper\">\n\t\t\t\t\t\t\t\t\t<span class=\"elementor-button-text\">Gi\u1edbi thi\u1ec7u<\/span>\n\t\t\t\t\t<\/span>\n\t\t\t\t\t<\/a>\n\t\t\t\t<\/div>\n\t\t\t\t\t\t\t\t<\/div>\n\t\t\t\t<\/div>\n\t\t\t\t<div class=\"elementor-element elementor-element-dac0fdd elementor-widget elementor-widget-stm_empty_space\" data-id=\"dac0fdd\" data-element_type=\"widget\" data-widget_type=\"stm_empty_space.default\">\n\t\t\t\t<div class=\"elementor-widget-container\">\n\t\t\t\t\t\n<div class=\"masterstudy_elementor_empty_space module__c2089fbc8be037b8bde7c1f4b96da842\"\n         style=\"height: 100px\" >\n    <span class=\"vc_empty_space_inner\"><\/span>\n<\/div>\n\t\t\t\t<\/div>\n\t\t\t\t<\/div>\n\t\t\t\t\t<\/div>\n\t\t<\/div>\n\t\t\t\t\t<\/div>\n\t\t<\/section>\n\t\t\t\t<section class=\"elementor-section elementor-top-section elementor-element elementor-element-3e2ff74 elementor-section-stretched elementor-section-boxed elementor-section-height-default elementor-section-height-default\" data-id=\"3e2ff74\" data-element_type=\"section\" data-settings=\"{&quot;stretch_section&quot;:&quot;section-stretched&quot;}\">\n\t\t\t\t\t\t<div class=\"elementor-container elementor-column-gap-default\">\n\t\t\t\t\t<div class=\"elementor-column elementor-col-100 elementor-top-column elementor-element elementor-element-120b922b\" data-id=\"120b922b\" data-element_type=\"column\">\n\t\t\t<div class=\"elementor-widget-wrap elementor-element-populated\">\n\t\t\t\t\t\t<div class=\"elementor-element elementor-element-52c4bc1 elementor-widget elementor-widget-stm_multy_separator\" data-id=\"52c4bc1\" data-element_type=\"widget\" data-widget_type=\"stm_multy_separator.default\">\n\t\t\t\t<div class=\"elementor-widget-container\">\n\t\t\t\t\t\n<div class=\"multiseparator masterstudy_elementor_multy_separator_\"><\/div>\n\t\t\t\t<\/div>\n\t\t\t\t<\/div>\n\t\t\t\t<div class=\"elementor-element elementor-element-7186e96 elementor-widget elementor-widget-heading\" data-id=\"7186e96\" data-element_type=\"widget\" data-widget_type=\"heading.default\">\n\t\t\t\t<div class=\"elementor-widget-container\">\n\t\t\t\t\t<h2 class=\"elementor-heading-title elementor-size-default\">L\u1ecbch s\u1eed H\u00e0n Qu\u1ed1c to\u00e0n c\u1ea7u<\/h2>\t\t\t\t<\/div>\n\t\t\t\t<\/div>\n\t\t\t\t<div class=\"elementor-element elementor-element-0e6e500 elementor-widget elementor-widget-ms_lms_courses\" data-id=\"0e6e500\" data-element_type=\"widget\" data-settings=\"{&quot;type&quot;:&quot;courses-grid&quot;,&quot;cards_to_show&quot;:9,&quot;cards_to_show_featured&quot;:0,&quot;status_presets&quot;:&quot;status_style_2&quot;,&quot;popup_slot_1&quot;:&quot;empty&quot;,&quot;popup_slot_3&quot;:&quot;views&quot;,&quot;course_image_size&quot;:{&quot;width&quot;:&quot;640&quot;,&quot;height&quot;:&quot;360&quot;},&quot;pagination_presets&quot;:&quot;pagination-style-1&quot;,&quot;slides_to_scroll&quot;:&quot;25%&quot;,&quot;slides_to_scroll_tablet&quot;:&quot;33.333333%&quot;,&quot;slides_to_scroll_mobile&quot;:&quot;100%&quot;,&quot;loop&quot;:&quot;true&quot;,&quot;course_card_presets&quot;:&quot;card-style-1&quot;,&quot;cards_to_show_choice&quot;:&quot;number&quot;,&quot;cards_to_show_choice_featured&quot;:&quot;number&quot;,&quot;sort_by&quot;:&quot;date_high&quot;,&quot;featured_position&quot;:&quot;left&quot;,&quot;status_position&quot;:&quot;right&quot;,&quot;show_popup&quot;:&quot;yes&quot;,&quot;popup_show_excerpt&quot;:&quot;yes&quot;,&quot;popup_show_slots&quot;:&quot;yes&quot;,&quot;popup_slot_2&quot;:&quot;lectures&quot;,&quot;show_instructor_label&quot;:&quot;yes&quot;,&quot;show_instructor_position&quot;:&quot;yes&quot;,&quot;show_instructor_bio&quot;:&quot;yes&quot;}\" data-widget_type=\"ms_lms_courses.default\">\n\t\t\t\t<div class=\"elementor-widget-container\">\n\t\t\t\t\t<div class=\"ms_lms_courses_grid\">\n\t\t<div class=\"ms_lms_courses_grid__content \">\n\t\t<div class=\"ms_lms_courses_card_wrapper\">\n\t\t\t<div class=\"ms_lms_courses_card card-style-1\">\n\t\t\t\t\t<div class=\"ms_lms_courses_card_item  \">\n\t\t<div class=\"ms_lms_courses_card_item_wrapper\">\n\t\t\t\t\t\t<a href=\"https:\/\/igks.kr\/vi\/courses\/lich-su-han-quoc-korean-history-101\/\" class=\"ms_lms_courses_card_item_image_link\">\n\t\t\t\t<img decoding=\"async\" src=\"https:\/\/igks.kr\/wp-content\/uploads\/2025\/09\/\ubc15\uc138\ud6c8_\uc778\ud2b8\ub85c-\ub514\uc790\uc778_250104-640x360.png\" class=\"ms_lms_courses_card_item_image\">\t\t\t<\/a>\n\t\t\t<div class=\"ms_lms_courses_card_item_info\">\n\t\t\t\t\t\t\t\t\t<a href=\"https:\/\/igks.kr\/vi\/courses\/lich-su-han-quoc-korean-history-101\/\" class=\"ms_lms_courses_card_item_info_title\">\n\t\t\t\t\t\t<h3>L\u1ecbch s\u1eed H\u00e0n Qu\u1ed1c (Korean History 101)<\/h3>\n\t\t\t\t\t<\/a>\n\t\t\t\t\t\t\t<\/div>\n\t\t<\/div>\n\t\t<div class=\"ms_lms_courses_card_item_popup\">\n\t\t<a href=\"https:\/\/igks.kr\/vi\/courses\/lich-su-han-quoc-korean-history-101\/\" class=\"ms_lms_courses_card_item_popup_title\">\n\t\t<h3>L\u1ecbch s\u1eed H\u00e0n Qu\u1ed1c (Korean History 101)<\/h3>\n\t<\/a>\n\t\t\t<div class=\"ms_lms_courses_card_item_popup_excerpt\">\n\t\t\tM\u00f4n h\u1ecdc n\u00e0y l\u00e0 h\u1ecdc ph\u1ea7n ti\u00ean quy\u1ebft c\u1ee7a c\u00e1c kh\u00f3a h\u1ecdc L\u1ecbch s\u1eed H\u00e0n Qu\u1ed1c do Vi\u1ec7n Nghi\u00ean c\u1ee9u H\u00e0n Qu\u1ed1c To\u00e0n c\u1ea7u cung c\u1ea5p. M\u00f4n h\u1ecdc cun...\t\t<\/div>\n\t\t\t\t<div class=\"ms_lms_courses_card_item_popup_meta\">\n\t\t\t<div class=\"ms_lms_courses_card_item_meta_block\">\n\t<i class=\"stmlms-cats\"><\/i>\n<span>\n\t44 Lectures<\/span>\n<\/div>\n<div class=\"ms_lms_courses_card_item_meta_block\">\n\t<i class=\"stmlms-views\"><\/i>\n<span>84<\/span>\n<\/div>\n\t\t<\/div>\n\t\t<div class=\"ms_lms_courses_card_item_popup_button_wrapper\">\n\t\t<a href=\"https:\/\/igks.kr\/vi\/courses\/lich-su-han-quoc-korean-history-101\/\" class=\"ms_lms_courses_card_item_popup_button\">\n\t\t\t<span>Preview this course<\/span>\n\t\t\t\t\t<\/a>\n\n\t\t\t<\/div>\n<\/div>\n\t<\/div>\n\t\t\t\t<\/div>\n\t\t\t<div class=\"ms_lms_courses_grid__pagination_wrapper\">\n\t\t\t\t\t\t\t<\/div>\n\t\t<\/div>\n\t<\/div>\n<\/div>\n\t\t\t\t<\/div>\n\t\t\t\t<\/div>\n\t\t\t\t\t<\/div>\n\t\t<\/div>\n\t\t\t\t\t<\/div>\n\t\t<\/section>\n\t\t\t\t<section class=\"elementor-section elementor-top-section elementor-element elementor-element-5f22fc2f primary_bg_color elementor-section-stretched elementor-section-boxed elementor-section-height-default elementor-section-height-default\" data-id=\"5f22fc2f\" data-element_type=\"section\" id=\"howto\" data-settings=\"{&quot;background_background&quot;:&quot;classic&quot;,&quot;stretch_section&quot;:&quot;section-stretched&quot;}\">\n\t\t\t\t\t\t<div class=\"elementor-container elementor-column-gap-default\">\n\t\t\t\t\t<div class=\"elementor-column elementor-col-100 elementor-top-column elementor-element elementor-element-e71ad51\" data-id=\"e71ad51\" data-element_type=\"column\" id=\"request\">\n\t\t\t<div class=\"elementor-widget-wrap elementor-element-populated\">\n\t\t\t\t\t\t<div class=\"elementor-element elementor-element-582ed2ee elementor-widget elementor-widget-vc_custom_heading\" data-id=\"582ed2ee\" data-element_type=\"widget\" data-widget_type=\"vc_custom_heading.default\">\n\t\t\t\t<div class=\"elementor-widget-container\">\n\t\t\t\t\t<div class=\" vc_custom_heading  masterstudy_heading_font  text_align_left\" ><h3 style=\"color: #ffffff;text-align: left;line-height: 22px;font-weight:700\" class=\"masterstudy-custom-title\">H\u01b0\u1edbng d\u1eabn s\u1eed d\u1ee5ng t\u1ed5 ch\u1ee9c\n<\/h3><\/div>\t\t\t\t<\/div>\n\t\t\t\t<\/div>\n\t\t\t\t<div class=\"elementor-element elementor-element-102f242e elementor-widget elementor-widget-vc_custom_heading\" data-id=\"102f242e\" data-element_type=\"widget\" data-widget_type=\"vc_custom_heading.default\">\n\t\t\t\t<div class=\"elementor-widget-container\">\n\t\t\t\t\t<div class=\" vc_custom_heading fwl masterstudy_heading_font  text_align_left\" ><p style=\"font-size: 15px;color: #ffffff;text-align: left;line-height: 24px;font-weight:400\" class=\"masterstudy-custom-title\">Bu\u1ed5i t\u1ecda \u0111\u00e0m l\u1ecbch s\u1eed H\u00e0n Qu\u1ed1c to\u00e0n c\u1ea7u c\u1ea5p quy\u1ec1n nghe gi\u1ea3ng cho c\u00e1c c\u01a1 quan, tr\u01b0\u1eddng h\u1ecdc, \u0111o\u00e0n th\u1ec3 sau khi \u0111i\u1ec1n v\u00e0o m\u1eabu quy \u0111\u1ecbnh.<br \/>\nN\u1ebfu c\u01a1 quan mu\u1ed1n nghe gi\u1ea3ng v\u00e0 gi\u1ea3ng d\u1ea1y, xin vui l\u00f2ng \u0111\u0103ng k\u00fd th\u00e0nh vi\u00ean v\u00e0 nh\u1eadn ID, t\u1ea3i xu\u1ed1ng m\u1eabu b\u00ean ph\u1ea3i r\u1ed3i \u0111i\u1ec1n v\u00e0o. igks@yonsei.ac.kr Xin vui l\u00f2ng g\u1eedi \u0111\u1ebfn.\n<\/p><\/div>\t\t\t\t<\/div>\n\t\t\t\t<\/div>\n\t\t\t\t<div class=\"elementor-element elementor-element-b9a5aca elementor-widget elementor-widget-stm_empty_space\" data-id=\"b9a5aca\" data-element_type=\"widget\" data-widget_type=\"stm_empty_space.default\">\n\t\t\t\t<div class=\"elementor-widget-container\">\n\t\t\t\t\t\n<div class=\"masterstudy_elementor_empty_space module__f0edfbe13ab9ea69a9782730e9ecf189\"\n         style=\"height: 37px\" >\n    <span class=\"vc_empty_space_inner\"><\/span>\n<\/div>\n\t\t\t\t<\/div>\n\t\t\t\t<\/div>\n\t\t\t\t\t<\/div>\n\t\t<\/div>\n\t\t\t\t<div class=\"elementor-column elementor-col-100 elementor-top-column elementor-element elementor-element-78b07d9f\" data-id=\"78b07d9f\" data-element_type=\"column\">\n\t\t\t<div class=\"elementor-widget-wrap elementor-element-populated\">\n\t\t\t\t\t\t<div class=\"elementor-element elementor-element-4c291093 elementor-widget elementor-widget-stm_empty_space\" data-id=\"4c291093\" data-element_type=\"widget\" data-widget_type=\"stm_empty_space.default\">\n\t\t\t\t<div class=\"elementor-widget-container\">\n\t\t\t\t\t\n<div class=\"masterstudy_elementor_empty_space module__e7fe44168a860babb23c5f64f774c3b3\"\n         style=\"height: 18px\" >\n    <span class=\"vc_empty_space_inner\"><\/span>\n<\/div>\n\t\t\t\t<\/div>\n\t\t\t\t<\/div>\n\t\t\t\t<div class=\"elementor-element elementor-element-39779cc7 elementor-widget elementor-widget-stm_empty_space\" data-id=\"39779cc7\" data-element_type=\"widget\" data-widget_type=\"stm_empty_space.default\">\n\t\t\t\t<div class=\"elementor-widget-container\">\n\t\t\t\t\t\n<div class=\"masterstudy_elementor_empty_space module__31d43f61272c079a5dd69af8d7073850\"\n         style=\"height: 50px\" >\n    <span class=\"vc_empty_space_inner\"><\/span>\n<\/div>\n\t\t\t\t<\/div>\n\t\t\t\t<\/div>\n\t\t\t\t<div class=\"elementor-element elementor-element-ebbfde7 elementor-align-center elementor-widget elementor-widget-button\" data-id=\"ebbfde7\" data-element_type=\"widget\" data-widget_type=\"button.default\">\n\t\t\t\t<div class=\"elementor-widget-container\">\n\t\t\t\t\t\t\t\t\t<div class=\"elementor-button-wrapper icon_align_  \">\n\t\t\t\t\t<a class=\"elementor-button elementor-button-link elementor-size-lg\" href=\"https:\/\/igks.kr\/wp-content\/uploads\/2024\/04\/IGKS-\uac15\uc88c-\uc774\uc6a9\uc2e0\uccad\uc11c.docx\" target=\"_blank\">\n\t\t\t\t\t\t<span class=\"elementor-button-content-wrapper\">\n\t\t\t\t\t\t\t\t\t<span class=\"elementor-button-text\">T\u1ea3i xu\u1ed1ng m\u1eabu \u0111\u01a1n \u0111\u0103ng k\u00fd kh\u00f3a h\u1ecdc<\/span>\n\t\t\t\t\t<\/span>\n\t\t\t\t\t<\/a>\n\t\t\t\t<\/div>\n\t\t\t\t\t\t\t\t<\/div>\n\t\t\t\t<\/div>\n\t\t\t\t\t<\/div>\n\t\t<\/div>\n\t\t\t\t\t<\/div>\n\t\t<\/section>\n\t\t\t\t<\/div>\n\t\t","protected":false},"excerpt":{"rendered":"<p>H\u1ecdc vi\u1ec7n H\u00e0n Qu\u1ed1c to\u00e0n c\u1ea7u \u0110\u1ec3 \u0111\u00e1p \u1ee9ng nhu c\u1ea7u l\u1ecbch s\u1eed H\u00e0n Qu\u1ed1c trong v\u00e0 ngo\u00e0i n\u01b0\u1edbc, Vi\u1ec7n H\u00e0n Qu\u1ed1c h\u1ecdc to\u00e0n c\u1ea7u c\u1ee7a \u0110\u1ea1i h\u1ecdc Yonsei \u0111\u00e3 v\u1eadn h\u00e0nh H\u1ecdc vi\u1ec7n H\u00e0n Qu\u1ed1c h\u1ecdc to\u00e0n c\u1ea7u, g\u00f3p ph\u1ea7n t\u00ecm hi\u1ec3u s\u00e2u s\u1eafc v\u1ec1 l\u1ecbch s\u1eed H\u00e0n Qu\u1ed1c v\u00e0 giao ti\u1ebfp nh\u00e2n v\u0103n. [&hellip;]<\/p>\n","protected":false},"author":1,"featured_media":0,"parent":0,"menu_order":0,"comment_status":"closed","ping_status":"closed","template":"","meta":{"footnotes":""},"class_list":["post-11020","page","type-page","status-publish","hentry"],"_links":{"self":[{"href":"https:\/\/igks.kr\/vi\/wp-json\/wp\/v2\/pages\/11020","targetHints":{"allow":["GET"]}}],"collection":[{"href":"https:\/\/igks.kr\/vi\/wp-json\/wp\/v2\/pages"}],"about":[{"href":"https:\/\/igks.kr\/vi\/wp-json\/wp\/v2\/types\/page"}],"author":[{"embeddable":true,"href":"https:\/\/igks.kr\/vi\/wp-json\/wp\/v2\/users\/1"}],"replies":[{"embeddable":true,"href":"https:\/\/igks.kr\/vi\/wp-json\/wp\/v2\/comments?post=11020"}],"version-history":[{"count":6,"href":"https:\/\/igks.kr\/vi\/wp-json\/wp\/v2\/pages\/11020\/revisions"}],"predecessor-version":[{"id":11259,"href":"https:\/\/igks.kr\/vi\/wp-json\/wp\/v2\/pages\/11020\/revisions\/11259"}],"wp:attachment":[{"href":"https:\/\/igks.kr\/vi\/wp-json\/wp\/v2\/media?parent=11020"}],"curies":[{"name":"wp","href":"https:\/\/api.w.org\/{rel}","templated":true}]}}